{"id":2609,"date":"2021-08-14T16:37:23","date_gmt":"2021-08-14T07:37:23","guid":{"rendered":"https:\/\/home.hiroshima-u.ac.jp\/~ykadoya\/?page_id=2609"},"modified":"2024-09-15T09:41:26","modified_gmt":"2024-09-15T00:41:26","slug":"covid-19e","status":"publish","type":"page","link":"https:\/\/home.hiroshima-u.ac.jp\/~ykadoya\/covid-19e\/","title":{"rendered":"covid-19e"},"content":{"rendered":"<h1>Kadoya Lab&#8217;s COVID-19 Research Outputs<\/h1>\n<p><a href=\"https:\/\/home.hiroshima-u.ac.jp\/~ykadoya\/lab-member\/\" rel=\"noopener\" target=\"_blank\">Kadoya lab<\/a>\uff08together with <a href=\"https:\/\/hiher.hiroshima-u.ac.jp\/en\/\" rel=\"noopener\" target=\"_blank\">HiHER<\/a>\uff09has actively engaged in COVID-19 related research (including the past ones that can be applied to the current situations). This page lists these research outputs.<\/p>\n<h2>COVID-19 Vaccination Policies<\/h2>\n<h3>Overall population<\/h3>\n<p>The worldwide COVID-19 vaccination program is already underway, raising hopes and aspirations to contain the spread of the COVID-19 pandemic that halted economic and social activities. However, the issue of vaccine effectiveness and its side-effects is influencing the potential acceptance of vaccines. In this uncertain situation, we deployed a nationwide survey in Japan, following the Japanese government\u2019s initial phase of COVID-19 vaccination.<\/p>\n<li><u>Kadoya, Y<\/u>., Watanapongvanich, S., Yuktadatta, P., Putthinun, P., Lartey, S.T., &amp; Khan, M.S.R.,\u00a0<a href=\"https:\/\/www.mdpi.com\/1660-4601\/18\/9\/4864\" rel=\"noopener\" target=\"_blank\">Willing or hesitant? A socio-economic study on the potential acceptance of COVID-19 vaccine in Japan<\/a>, <a href=\"https:\/\/www.mdpi.com\/journal\/ijerph\"><em>International Journal of Environmental Research and Public Health<\/em><\/a> 2021, 18 (9), 4846<\/li>\n<h3>Younger population<\/h3>\n<p>Japan has vaccinated its older population; a mass vaccination program for younger citizens is underway. Accordingly, this study investigated vaccine hesitancy among younger Japanese citizens. <\/p>\n<li>Khan, M.S.R., Watanapongvanich, S., &amp; <u>Kadoya, Y.<\/u> <a href=\"https:\/\/www.mdpi.com\/1660-4601\/18\/21\/11702\" rel=\"noopener\" target=\"_blank\">COVID-19 Vaccine hesitancy among the younger generation in Japan<\/a>, <a href=\"https:\/\/www.mdpi.com\/journal\/ijerph\"><em>International Journal of Environmental Research and Public Health<\/em><\/a>, 2021, 18 (21), 11702<\/li>\n<h3>Booster Vaccination<\/h3>\n<p>The younger generation\u2019s hesitancy towards the COVID-19 vaccine in Japan received significant attention during the early stages of vaccination. However, there is a lack of a comprehensive study in Japan that analyzes the apprehension towards the third dose of vaccine, commonly known as the booster dose, and its underlying causes. Using data from an online panel survey, Kadoya Lab examined the severity of booster dose aversion among youths of different ages. <\/p>\n<li>Khan, M.S.R., Nguyen, T.X.T., Lal, S., Watanapongvanich, S., &amp; <u>Kadoya, Y.<\/u> <a href=\"https:\/\/www.mdpi.com\/1660-4601\/19\/12\/7041\" rel=\"noopener\" target=\"_blank\">Hesitancy towards the Third Dose of COVID-19 Vaccine among the Younger Generation in Japan<\/a>, <a href=\"https:\/\/www.mdpi.com\/journal\/ijerph\"><em>International Journal of Environmental Research and Public Health<\/em><\/a>, 2022, 19 (12), 7041<\/li>\n<p><\/p>\n<h2>Loneliness during the COVID-19 Pandemic<\/h2>\n<h3>Overall generation (young and elderly)<\/h3>\n<p>The precautionary measures and uncertainties surrounding the COVID-19 pandemic have serious psychological impacts on peoples\u2019 mental health. We conducted longitudinal survey to investigate loneliness before and during the pandemic among older and younger people in Japan. <\/p>\n<li>Khan, M.S.R. &amp; <u>Kadoya, Y<\/u>. <a href=\"https:\/\/www.mdpi.com\/1660-4601\/18\/15\/7871\" rel=\"noopener\" target=\"_blank\">Loneliness during the COVID-19 pandemic: Are older people at higher risk?<\/a>, <a href=\"https:\/\/www.mdpi.com\/journal\/ijerph\"><em>International Journal of Environmental Research and Public Health<\/em><\/a>\u00a0\u00a02021, 18 (15), 7871<\/li>\n<h3>Sub-simple analysis by age and gender<\/h3>\n<p>Kadoya lab further conducted the subsample analyses of age and gender to uncover the factors that cause people&#8217;s loneliness.<\/p>\n<li>Khan, M.S.R., Yuktadatta, P., &amp; <u>Kadoya, Y.<\/u> <a href=\"https:\/\/doi.org\/10.3390\/ijerph19106242\" rel=\"noopener\" target=\"_blank\">Who became lonely during the COVID-19 pandemic? An investigation of the socioeconomic aspects of loneliness in Japan<\/a>, <a href=\"https:\/\/www.mdpi.com\/journal\/ijerph\"><em>International Journal of Environmental Research and Public Health<\/em><\/a>, 2022, 19 (19), 6242<\/li>\n<p><\/p>\n<h3>Longitudinal Study<\/h3>\n<p>The prolonged COVID-19 pandemic has exacerbated existing socioeconomic and health risk factors and added additional dimensions to the loneliness problem. Considering the temporal extension of COVID-19, which exposes people to various loneliness conditions, Kadoya lab examined the development of loneliness and changing risk factors based on age and gender.<\/p>\n<li>Lal, S., Nguyen, T.X.T., Abdul-Salam, S.. Yuktadatta, P., Khan, M.S.R., &amp; <u>Kadoya, Y.<\/u> <a href=\"https:\/\/www.mdpi.com\/1660-4601\/19\/18\/11248\" rel=\"noopener\" target=\"_blank\">A longitudinal study on loneliness during the COVID-19 pandemic in Japan<\/a>, <a href=\"https:\/\/www.mdpi.com\/journal\/ijerph\/sections\/health_eco\"><em>International Journal of Environmental Research and Public Health: Health Economics<\/em><\/a>, 2022, 19 (18), 11248<\/li>\n<p><\/p>\n<h3>Smartphone influences<\/h3>\n<p>The influence of smartphone use on increased risk of feeling lonely has been recognized as a global public health concern. However, it is unclear whether this influence has changed during the ongoing COVID-19 pandemic, during which smartphones have become a particularly important means of communication due to health safety measures restricting personal interactions. Kadoya lab assessed the impact of smartphone use on loneliness in Japan.<\/p>\n<li>Nguyen, T.X.T., Lal, S., Abdul-Salam, S.. Yuktadatta, P., McKinnon, L., Khan, M.S.R., &amp; <u>Kadoya, Y.<\/u> <a href=\"https:\/\/www.mdpi.com\/1660-4601\/19\/17\/10540\" rel=\"noopener\" target=\"_blank\">Has Smartphone Use Influenced Loneliness during the COVID-19 Pandemic in Japan?<\/a>, <a href=\"https:\/\/www.mdpi.com\/journal\/ijerph\/sections\/health_eco\"><em>International Journal of Environmental Research and Public Health: Health Economics<\/em><\/a>, 2022, 19 (17), 10540<\/li>\n<p><\/p>\n<h3>Smartphone influences (post-pandemic era)<\/h3>\n<p>Kadoya lab collected new data in the &#8220;post-pandemic&#8221; era of February 2023 to test the research hypothesis above. Our findings revealed that, in 2023, smartphone use increased the risk of loneliness among individuals aged 50\u201364 years. Conversely, among the younger generations, increased smartphone use was associated with decreased loneliness. The results of our study suggest that smartphones can serve as a significant tool for alleviating loneliness among the younger generations during the post-pandemic period.<\/p>\n<li>Kuramoto, Y., Nabeshima, H., Khan, M.S.R., &amp; <u>Kadoya, Y.<\/u> <a href=\"https:\/\/www.mdpi.com\/2076-328X\/14\/4\/294\" target=\"_blank\" rel=\"noopener\">How does Smartphone Use Impact Loneliness in the Post-COVID landscape in Japan?<\/a>, <a href=\"https:\/\/www.mdpi.com\/journal\/behavsci\/sections\/behavioral_economics\"><em>Behavioral Sciences: Behavioral Economics<\/em><\/a>, 2024, 14 (4), 294<\/li>\n<p><a href=\"https:\/\/home.hiroshima-u.ac.jp\/~ykadoya\/wp-content\/uploads\/2024\/04\/coverpaper.jpg\" target=\"_blank\" rel=\"noopener\" data-rel=\"lightbox-image-0\" data-rl_title=\"\" data-rl_caption=\"\" title=\"\">As the cover paper of &#8220;Behavioral Sciences.&#8221; (April, 2024)<\/a><\/p>\n<h2>Pandemic Fatigue<\/h2>\n<h3>Overall Measures<\/h3>\n<p>Analyzing nationwide panel data for 2021 and 2022 waves in Japan, Kadoya lab found that the people&#8217;s degree of pandemic fatigue was varied by gender (males tend to dislike the pandemic measures more) and other socio-economic statuses.<\/p>\n<li>Sulemana, A.-S., Lal, S., Nguyen, T.X.T., Khan, M.S.R., &amp; <u>Kadoya, Y.<\/u> <a href=\"https:\/\/www.mdpi.com\/2071-1050\/15\/7\/6220\" rel=\"noopener\" target=\"_blank\">Pandemic Fatigue in Japan: Factors Affecting the Declining COVID-19 Preventive Measures<\/a>, <a href=\"https:\/\/www.mdpi.com\/journal\/sustainability\/sections\/health_sus\"><em>Sustainability: Health, Well-Being and Sustainability<\/em><\/a>, 2023; 15 (7), 6220<\/li>\n<p><\/p>\n<h3>Hand Sanitization Behavior<\/h3>\n<p>Kadoya lab analyzed how people&#8217;s time discounting and hyperbolic discounting affect the hand sanitization behaviors. We argue that one-size-fits-all policies may not solve the impulsivity associated with hand-sanitization behavior in Japan because the impulsivity problem is not commonly found among all respondents. Policymakers should consider underlying gender differences when designing future health-promoting measures. <\/p>\n<li>Lal, S., Nguyen, T.X.T., Sulemana, A.-S., Khan, M.S.R., &amp; <u>Kadoya, Y.<\/u> <a href=\"https:\/\/www.mdpi.com\/2071-1050\/15\/8\/6488\">Time Discounting and Hand Sanitization Behavior: Evidence from Japan<\/a>, <a href=\"https:\/\/www.mdpi.com\/journal\/sustainability\/sections\/health_sus\"><em>Sustainability: Health, Well-Being and Sustainability<\/em><\/a>, 2023, 15 (8), 6488<\/li>\n<p><\/p>\n<h2>Economic Measures against the COVID-19 Pandemic<\/h2>\n<h3>One-time cash payment of JPY 100,000<\/h3>\n<p>In order to curb the economic damage caused by the COVID-19 pandemic on households, the Japanese government distributed a one-time cash payment of JPY 100,000 to every registered resident at the beginning of the pandemic. Conducting a nationwide satisfaction survey with this stimulus policy, Kadoya lab found that those who were male, older, had a higher education level, and had anxiety about the future were less likely to be satisfied with this policy. Having a spouse, being a public official, and having higher household assets or better subjective health enhanced satisfaction with the policy. <\/p>\n<p>The subsample analyses showed heterogeneity in satisfaction among various socioeconomic groups and in associations between their socioeconomic characteristics and policy satisfaction. The government should design future policies with due consideration of the challenges faced by various socioeconomic groups.<\/p>\n<li>Yuktadatta, P., Ono, S., Khan, M.S.R., &amp; <u>Kadoya, Y.<\/u> <a href=\"https:\/\/www.mdpi.com\/journal\/sustainability\" rel=\"noopener\" target=\"_blank\">Satisfaction with the COVID-19 economic stimulus policy: A study of the special cash payment policy for residents of Japan<\/a>, <a href=\"https:\/\/www.mdpi.com\/journal\/sustainability\"><em>Sustainability<\/em><\/a>, 2022, 14 (6), 3401<\/li>\n<p><\/p>\n<h3>Premium shopping coupon<\/h3>\n<p>The unprecedented outbreak of COVID-19 has triggered a worldwide economic recession. Consequently, governments are pursuing different stimulus packages to alleviate the resulting pressures. We examined one such program intended to enhance consumer spending during an economic downturn. In 2015, the Japanese government implemented a discount shopping coupon scheme, offering a 20% discount on purchases. We aimed to identify the groups of consumers who responded most to the discount shopping coupon scheme.<\/p>\n<li><u>Kadoya, Y.<\/u>, Khan, M.S.R. &amp; Yamane, T.  <a href=\"https:\/\/doi.org\/10.3390\/su12093906\" rel=\"noopener\" target=\"_blank\">Government\u2019s Stimulus Program to Boost Consumer Spending: A Case of Discount Shopping Coupon Scheme in Japan<\/a>,\u00a0<a href=\"https:\/\/www.mdpi.com\/journal\/sustainability\"><em> Sustainability<\/em><\/a>\u00a02020, 12 (9), 3906<\/li>\n<p><\/p>\n<h2>with COVID-19 era: Health and Productivity Management<\/h2>\n<h3>Manufacturing industry<\/h3>\n<p>Employee productivity is a well-studied area, which has been explained in various dimensions. However, there is insufficient research on how workers\u2019 on-job emotional status relates to productivity. We examined the relationship between workers\u2019 emotional states and productivity by assessing on-job emotionality recorded using a specially designed wearable biometric device.<\/p>\n<li><u>Kadoya, Y.<\/u>, Khan, M.S.R., Watanapongvanich, S., &amp; Binnagan, P. <a href=\"https:\/\/www.mdpi.com\/2071-1050\/12\/4\/1544\" rel=\"noopener\" target=\"_blank\">Emotional status and productivity: Evidence from the special economic zone in Laos, <a href=\"https:\/\/www.mdpi.com\/journal\/sustainability\"><em>Sustainability<\/em><\/a> 2020, 12 (4), 1544<\/li>\n<p><\/p>\n<h3>Traffic Industry<\/h3>\n<p>Drivers\u2019 emotions significantly affect their driving performance and thus are related to driving safety issues. The objective of our study is to examine how taxi drivers\u2019 on-duty emotional states are associated with their driving speed in real driving situations.<\/p>\n<li><u>Kadoya, Y<\/u>., Watanapongvanich, S., &amp; Khan, M.S.R.,\u00a0<a href=\"https:\/\/doi.org\/10.1016\/j.trf.2021.04.020\" rel=\"noopener\" target=\"_blank\">How is emotion associated with driving speed? A study on taxi drivers in Japan<\/a>,<br \/>\n<a href=\"https:\/\/www.journals.elsevier.com\/transportation-research-part-f-traffic-psychology-and-behaviour\"><em>Transportation Research (F): Traffic Psychology and Behaviour<\/em><\/a>\u00a0\u00a02021, 79 (May), 205-216<\/li>\n<h2>Increasing Financial Crimes during the COVID-19 Pandemic <\/h2>\n<p>Japan has seen an increase in the incidents of financial frauds over the last couple of decades. Although authorities are aware of the problem, an effective solution eludes them as fraudsters use innovative swindling methods and continually change the target group. <\/p>\n<h3>Pre-Pandemic Period<\/h3>\n<p>Using our nationwide Japanese survey in 2020, we investigated the socioeconomic and psychological profiles of victims of trending and special financial fraud such as fictitious billing fraud, loan guarantee fraud, and refund fraud.<\/p>\n<li><u>Kadoya, Y<\/u>., Khan, M.S.R., Narumoto, J., &amp; Watanabe, S.\u00a0<a href=\"https:\/\/doi.org\/10.3389\/fpsyg.2021.649565\" rel=\"noopener\" target=\"_blank\">Who is next? A study on victims of financial fraud in Japan<\/a>, <a href=\"https:\/\/www.frontiersin.org\/journals\/psychology\"><em>Frontiers in Psychology<\/em><\/a>\u00a0\u00a0forthcoming<\/li>\n<p><\/p>\n<h3>Pandemic Period<\/h3>\n<p>During the pandemic, refund frauds for men have increased, while loan guarantee frauds for women have decreased significantly. Overall, younger males with a decent economic status tend to be victims during the pandemic, but the results were varied by the type of the frauds.<\/p>\n<li>Khan, M.S.R., &amp; <u>Kadoya, Y.<\/u> <a href=\"https:\/\/www.mdpi.com\/2071-1050\/15\/4\/2865\" rel=\"noopener\" target=\"_blank\">Who became victims of financial frauds during the COVID-19 pandemic in Japan?<\/a>, <a href=\"https:\/\/www.mdpi.com\/journal\/sustainability\"><em>Sustainability<\/em><\/a>, 2023, 15 (4), 2865<\/li>\n<p><\/p>\n<h2>Addiction measures during the COVID-19 Pandemic<\/h2>\n<h3>Gambling Addiction<\/h3>\n<li>Watanapongvanich, S., Khan, M.S.R., Putthinun, P., Ono, S., &amp; <u>Kadoya, Y.<\/u> <a href=\"https:\/\/jpn01.safelinks.protection.outlook.com\/?url=https%3A%2F%2Frdcu.be%2FcjYQQ&#038;data=04%7C01%7Ckhan%40hiroshima-u.ac.jp%7C8791d1c2ca12462298a708d90f6bc56f%7Cc40454ddb2634926868d8e12640d3750%7C1%7C1%7C637557777810072082%7CUnknown%7CTWFpbGZsb3d8eyJWIjoiMC4wLjAwMDAiLCJQIjoiV2luMzIiLCJBTiI6Ik1haWwiLCJXVCI6Mn0%3D%7C3000&#038;sdata=sTW%2BQoySG8CwsKCG%2F3RvTrbwTNLCFsQ%2F1MVun17M5ig%3D&#038;reserved=0\" rel=\"noopener\" target=\"_blank\">Financial Literacy and Gambling Behavior in the United States<\/a>, <a href=\"https:\/\/www.springer.com\/journal\/10899\/\"><em>Journal of Gambling Studies<\/em><\/a> forthcoming<\/li>\n<p><\/p>\n<li>Watanapongvanich, S., Binnagan, P., Putthinun, P., Khan, M.S.R.,&amp; <u>Kadoya, Y.<\/u> <a href=\"https:\/\/doi.org\/10.1007\/s10899-020-09936-3\" rel=\"noopener\" target=\"_blank\">Financial Literacy and Gambling Behavior: Evidence from Japan, <a href=\"https:\/\/www.springer.com\/journal\/10899\/\"><em>Journal of Gambling Studies<\/em><\/a> 2021, 37, 445-465<\/li>\n<p><\/p>\n<h3>Smoking Addiction<\/h3>\n<li>Khan, M.S.R., Putthinun, P., Watanapongvanich, S., Yuktadatta, P., Uddin, M.A., &amp; <u>Kadoya, Y.<\/u> <a href=\"https:\/\/www.mdpi.com\/1660-4601\/18\/5\/2579\" rel=\"noopener\" target=\"_blank\">Do Financial Literacy and Financial Education Influence Smoking Behavior in the United States?<\/a>, <a href=\"https:\/\/www.mdpi.com\/journal\/ijerph\"><em>International Journal of Environmental Research and Public Health<\/em><\/a> 2021, 18 (5), 2579<\/li>\n<p><\/p>\n<li>Watanapongvanich, S., Khan, M.S.R., Putthinun, P., Ono, S., &amp; <u>Kadoya, Y.<\/u> <a href=\"https:\/\/www.frontiersin.org\/articles\/10.3389\/fpubh.2020.612976\/full\" rel=\"noopener\" target=\"_blank\">Financial Literacy, Financial Education, and Smoking Behavior: Evidence from Japan<\/a>, <a href=\"https:\/\/www.frontiersin.org\/journals\/public-health\/sections\/health-economics\"><em>Frontiers in Public Health: Health Economics<\/em><\/a> 2021, 8, 612976<\/li>\n<p><\/p>\n<h3>Alcohol Addiction<\/h3>\n<li>Putthinun, P., Watanapongvanich, S., Khan, M.S.R., &amp; <u>Kadoya, Y.<\/u> <a href=\"https:\/\/www.mdpi.com\/2071-1050\/13\/16\/8858\" rel=\"noopener\" target=\"_blank\">Financial Literacy and Alcohol Drinking Behavior: Evidence from Japan<\/a>, <a href=\"https:\/\/www.mdpi.com\/journal\/sustainability\"><em>Sustainability<\/em><\/a> 2021, 13 (16), 8858<\/li>\n<p><\/p>\n<h3>Risk Avoiding Behavior (Exercise habit and health check behavior)<\/h3>\n<li>Ono, S., Yuktadatta, P., Taniguchi, T., Iitsuka, T., Noguchi, M., Tanaka, S., Ito, H., Nakamura, K., Yasuhara, N., Miyawaki, C., Mikura, K., Khan, M.S.R., &amp; <u>Kadoya, Y.<\/u> <a href=\"https:\/\/www.mdpi.com\/2071-1050\/13\/8\/4189\" rel=\"noopener\" target=\"_blank\">Financial Literacy and Exercise Behavior: Evidence from Japan<\/a>, <a href=\"https:\/\/www.mdpi.com\/journal\/sustainability\"><em> Sustainability<\/em><\/a>\u00a02021, 13 (8), 4189<\/li>\n<p><\/p>\n<li>Yuktadatta, P., Khan, M.S.R., &amp; <u>Kadoya, Y.<\/u> <a href=\"https:\/\/www.mdpi.com\/2071-1050\/13\/16\/9452\" rel=\"noopener\" target=\"_blank\">Financial Literacy and Exercise Behavior in the United States<\/a>, <a href=\"https:\/\/www.mdpi.com\/journal\/sustainability\"><em>Sustainability<\/em><\/a>, 2021, 13 (16), 9452<\/li>\n<p><\/p>\n<li>Nguyen, T.X.T., Lal, S., Abdul-Salam, S.. Khan, M.S.R., &amp; <u>Kadoya, Y.<\/u> <a href=\"https:\/\/doi.org\/10.3390\/ijerph19084457\" rel=\"noopener\" target=\"_blank\">Financial Literacy, Financial Education, and Cancer Screening Behavior: Evidence from Japan<\/a>, <a href=\"https:\/\/www.mdpi.com\/journal\/ijerph\/sections\/health_eco\"><em>International Journal of Environmental Research and Public Health: Health Economics<\/em><\/a>, 2022, 19 (8), 4457<\/li>\n<p><\/p>\n<li>Lal, S., Nguyen, T.X.T., Abdul-Salam, S.. Khan, M.S.R., &amp; <u>Kadoya, Y.<\/u> <a href=\"https:\/\/bmcpublichealth.biomedcentral.com\/articles\/10.1186\/s12889-022-14079-8\" rel=\"noopener\" target=\"_blank\">Does Financial Literacy Influence Preventive Health Check-up Behavior in Japan?<\/a>, <a href=\"https:\/\/bmcpublichealth.biomedcentral.com\/\"><em>BMC Public Health<\/em><\/a>, 2022, 22, 1704<\/li>\n<p><\/p>\n<h3>Impulsivity<\/h3>\n<li>Katauke, T., Fukuda, S., Khan, M.S.R., &amp; <u>Kadoya, Y.<\/u> <a href=\"https:\/\/www.mdpi.com\/2071-1050\/15\/9\/7267\">Financial Literacy and Impulsivity: Evidence from Japan<\/a>, <a href=\"https:\/\/www.mdpi.com\/journal\/sustainability\/sections\/health_sus\"><em>Sustainability: Health, Well-Being and Sustainability<\/em><\/a>, 2023, 15 (9), 7267<\/li>\n<h2>Family Care-Giving during the COVID-19 Pandemic<\/h2>\n<li>Khan, M.S.R., Watanapongvanich, S., &amp; <u>Kadoya, Y<\/u>. <a href=\"https:\/\/www.cairn.info\/revue-gerontologie-et-societe-2021-2-page-Ia.htm?contenu=resume\" rel=\"noopener\" target=\"_blank\">Family caregiving attitudes: Implications for post-pandemic eldercare in Japan<\/a>,<br \/>\n<a href=\"https:\/\/www.statistiques-recherches.cnav.fr\/gerontologie-et-societe.html\"><em>G\u00e9rontologie et soci\u00e9t\u00e9<\/em><\/a> 2021,\u00a043 (165), 1-18<\/li>\n<li>Kuramoto, Y., Nabeshima, H., Khan, M.S.R., &amp; <u>Kadoya, Y.<\/u> <a href=\"https:\/\/www.mdpi.com\/2076-328X\/13\/5\/362\">The Association of Caregivers\u2019 Socio-Economic Conditions with Family Caregiving Norms: Evidence from China<\/a>, <a href=\"https:\/\/www.mdpi.com\/journal\/behavsci\"><em>Behavioral Sciences<\/em><\/a>, 2023, 13 (5), 362<\/li>\n<h2>Panic selling on &#8220;COVID-19 Market Crisis&#8221;<\/h2>\n<p>In March 2020, investors experienced a sharp market decline called the &#8220;COVID-19 Market Crisis.&#8221; In collaboration with a security company, Kadoya Lab investigated the phenomenon and found that investors&#8217; hyperbolic discounting can cause panic selling.<\/p>\n<li>Lal, S., Nguyen, T.X.T., Bawalle, A.A., Khan, M.S.R., &amp; <u>Kadoya, Y.<\/u> <a href=\"https:\/\/doi.org\/10.3390\/bs14090795\" target=\"_blank\" rel=\"noopener\">Unraveling investor behavior: The role of hyperbolic discounting in panic selling behavior on the global COVID-19 financial crisis<\/a>, <a href=\"https:\/\/www.mdpi.com\/journal\/behavsci\/sections\/behavioral_economics\"><em>Behavioral Sciences: Behavioral Economics<\/em><\/a>, 2024, 14 (9), 795<\/li>\n","protected":false},"excerpt":{"rendered":"<p>Kadoya Lab&#8217;s COVID-19 Research Outputs Kadoya lab\uff08together with HiHER\uff09has actively engaged in COVID-19 r [&hellip;]<\/p>\n","protected":false},"author":1,"featured_media":0,"parent":0,"menu_order":0,"comment_status":"closed","ping_status":"closed","template":"","meta":{"footnotes":""},"class_list":["post-2609","page","type-page","status-publish","hentry"],"_links":{"self":[{"href":"https:\/\/home.hiroshima-u.ac.jp\/~ykadoya\/wp-json\/wp\/v2\/pages\/2609","targetHints":{"allow":["GET"]}}],"collection":[{"href":"https:\/\/home.hiroshima-u.ac.jp\/~ykadoya\/wp-json\/wp\/v2\/pages"}],"about":[{"href":"https:\/\/home.hiroshima-u.ac.jp\/~ykadoya\/wp-json\/wp\/v2\/types\/page"}],"author":[{"embeddable":true,"href":"https:\/\/home.hiroshima-u.ac.jp\/~ykadoya\/wp-json\/wp\/v2\/users\/1"}],"replies":[{"embeddable":true,"href":"https:\/\/home.hiroshima-u.ac.jp\/~ykadoya\/wp-json\/wp\/v2\/comments?post=2609"}],"version-history":[{"count":33,"href":"https:\/\/home.hiroshima-u.ac.jp\/~ykadoya\/wp-json\/wp\/v2\/pages\/2609\/revisions"}],"predecessor-version":[{"id":4496,"href":"https:\/\/home.hiroshima-u.ac.jp\/~ykadoya\/wp-json\/wp\/v2\/pages\/2609\/revisions\/4496"}],"wp:attachment":[{"href":"https:\/\/home.hiroshima-u.ac.jp\/~ykadoya\/wp-json\/wp\/v2\/media?parent=2609"}],"curies":[{"name":"wp","href":"https:\/\/api.w.org\/{rel}","templated":true}]}}